{"id":7,"date":"2024-01-09T09:21:06","date_gmt":"2024-01-09T09:21:06","guid":{"rendered":"https:\/\/maeder-batiment.ch\/?page_id=7"},"modified":"2025-03-05T07:56:27","modified_gmt":"2025-03-05T07:56:27","slug":"acceuil","status":"publish","type":"page","link":"https:\/\/maeder-batiment.ch\/","title":{"rendered":"Acceuil"},"content":{"rendered":"<div>\n<p>    <img decoding=\"async\" src=\"\/wp-content\/uploads\/accommodations-post-robert-s-hill-getaway-teaser-bg.jpg\" alt=\"\"><\/p>\n<h2>Maeder b\u00e2timent votre expert en maconnerie<\/h2>\n<p>Depuis 2011<\/p>\n<p><a href=\"#galerie-photo\">Voir les r\u00e9alisations<\/a><\/p>\n<\/div>\n<hr>\n<h1>\n<p>Qui sommes nous ?<\/p>\n<\/h1>\n<div>\n<p>Bienvenue chez Meader-B\u00e2timent, une entreprise de construction situ\u00e9e \u00e0 La Br\u00e9vine.<\/p>\n<p>Nous sommes sp\u00e9cialis\u00e9s dans la r\u00e9alisation de travaux de ma\u00e7onnerie, de gros \u0153uvre et de g\u00e9nie civil. Faites confiance \u00e0 notre expertise pour concr\u00e9tiser vos projets de construction avec professionnalisme et qualit\u00e9.<\/p><\/div>\n<h1>\n<p>Prestations :<\/p>\n<\/h1>\n<ul>\n<li>\n<p>        <img decoding=\"async\" src=\"\/wp-content\/uploads\/2025\/01\/Screenshot-2025-01-07-at-09.52.29.png\" alt=\"12893719283\"><\/p>\n<h3>Maconnerie <\/h3>\n<div>\n<p>cr\u00e9pissage, int\u00e9rieur, ext\u00e9rieur, r\u00e9novations de fa\u00e7ades, montage de murs<\/p>\n<\/div>\n<\/li>\n<li>\n<p>        <img decoding=\"async\" src=\"\/wp-content\/uploads\/2025\/01\/Screenshot-2025-01-07-at-10.04.48.png\" alt=\"\"><\/p>\n<h3>Gros oeuvre<\/h3>\n<div>\n<p>Coffrage, ferraillage, b\u00e9tonnage<\/p>\n<\/div>\n<\/li>\n<li>\n<p>        <img decoding=\"async\" src=\"\/wp-content\/uploads\/2025\/01\/Screenshot-2025-01-07-at-10.13.50.png\" alt=\"\"><\/p>\n<h3>G\u00e9nie civil<\/h3>\n<div>\n<p>terrassement, goudronnage, canalisations, aplanissement<\/p>\n<\/div>\n<\/li>\n<li>\n<p>        <img decoding=\"async\" src=\"\/wp-content\/uploads\/2025\/01\/Screenshot-2025-01-07-at-09.54.31.png\" alt=\"\"><\/p>\n<h3>Echaffaudages<\/h3>\n<div>\n<p>Locations et montage de tous types d\u2019\u00e9chafaudage<\/p>\n<\/div>\n<\/li>\n<\/ul>\n<hr>\n<h2><a href=\"#\">Derni\u00e8res r\u00e9alisations<\/a><\/h2>\n<p><p>\n        <a href=\"#\">Voir les images<\/a>\n    <\/p>\n<\/p>\n<ul>\n<li>\n<p>        <img decoding=\"async\" src=\"\/wp-content\/uploads\/accommodations-post-holiday-house-husum.jpg\" alt=\"\"><\/p>\n<h3>Holiday House Husum<\/h3>\n<p><a href=\"\" >North Sea<\/a><\/p>\n<p><a href=\"#\"><\/a><\/p>\n<\/li>\n<li>\n<p>        <img decoding=\"async\" src=\"\/wp-content\/uploads\/accommodations-post-panorama-suites.jpg\" alt=\"\"><\/p>\n<h3>Panorama Suites<\/h3>\n<p><a href=\"\" >Alps<\/a><\/p>\n<p><a href=\"#\"><\/a><\/p>\n<\/li>\n<li>\n<p>        <img decoding=\"async\" src=\"\/wp-content\/uploads\/accommodations-post-villa-lorenzo.jpg\" alt=\"\"><\/p>\n<h3>Villa Lorenzo<\/h3>\n<p><a href=\"\" >Rome Region<\/a><\/p>\n<p><a href=\"#\"><\/a><\/p>\n<\/li>\n<li>\n<p>        <img decoding=\"async\" src=\"\/wp-content\/uploads\/accommodations-post-beautiful-modern-vacation-home.jpg\" alt=\"\"><\/p>\n<h3>Beautiful Modern Vacation Home<\/h3>\n<p><a href=\"\" >Saxony<\/a><\/p>\n<p><a href=\"#\"><\/a><\/p>\n<\/li>\n<li>\n<p>        <img decoding=\"async\" src=\"\/wp-content\/uploads\/accommodations-post-casa-di-campagna.jpg\" alt=\"\"><\/p>\n<h3>Casa di Campagna<\/h3>\n<p><a href=\"\" >Tuscany<\/a><\/p>\n<p><a href=\"#\"><\/a><\/p>\n<\/li>\n<li>\n<p>        <img decoding=\"async\" src=\"\/wp-content\/uploads\/accommodations-post-remodeled-historic-azienda-agricola.jpg\" alt=\"\"><\/p>\n<h3>Remodeled Historic Azienda Agricola<\/h3>\n<p><a href=\"\" >Tuscany<\/a><\/p>\n<p><a href=\"#\"><\/a><\/p>\n<\/li>\n<\/ul>\n<hr>\n<h1>\n<p>Contact<\/p>\n<\/h1>\n<h1>\n<h4>La Ch\u00e2tagne 11, 2406 La Br\u00e9vine<\/h4>\n<\/h1>\n<h1>\n<h4>T\u00e9l : 079 285 45 84<\/h4>\n<\/h1>\n<h1>\n<h4>maederentrepriseenbatiment@bluewin.ch<\/h4>\n<\/h1>\n<div>\n<p>46.98541550448291,6.635763955012021<\/p>\n<\/div>\n<p><!--more--><br \/>\n<!-- {\"type\":\"layout\",\"children\":[{\"name\":\"Acceuil\",\"type\":\"section\",\"props\":{\"animation_delay\":false,\"image_position\":\"center-center\",\"padding\":\"none\",\"style\":\"default\",\"title_breakpoint\":\"xl\",\"title_position\":\"top-left\",\"title_rotation\":\"left\",\"vertical_align\":\"\",\"width\":\"\"},\"children\":[{\"type\":\"row\",\"children\":[{\"type\":\"column\",\"props\":{\"image_position\":\"center-center\",\"position_sticky_breakpoint\":\"m\",\"width_medium\":\"1-1\"},\"children\":[{\"type\":\"slideshow\",\"props\":{\"animation\":\"fade\",\"image_loading\":true,\"image_width\":\"2560\",\"link_parallax_opacity\":\"0,1,1\",\"link_parallax_y\":\"50,0,0\",\"link_style\":\"primary\",\"link_text\":\"View House\",\"margin\":\"default\",\"meta_align\":\"above-title\",\"meta_element\":\"div\",\"meta_parallax_opacity\":\"0,1,1\",\"meta_parallax_y\":\"-50,0,0\",\"meta_style\":\"h6\",\"nav\":\"dotnav\",\"nav_align\":\"center\",\"nav_breakpoint\":\"\",\"nav_position\":\"bottom-center\",\"nav_position_margin\":\"medium\",\"overlay_animation\":\"parallax\",\"overlay_container\":\"default\",\"overlay_position\":\"center\",\"overlay_width\":\"xlarge\",\"show_content\":true,\"show_link\":true,\"show_meta\":true,\"show_thumbnail\":true,\"show_title\":true,\"slidenav\":\"default\",\"slidenav_breakpoint\":\"m\",\"slidenav_hover\":true,\"slidenav_margin\":\"medium\",\"slidenav_outside_breakpoint\":\"xl\",\"slideshow_autoplay\":false,\"slideshow_autoplay_pause\":true,\"slideshow_max_height\":\"840\",\"slideshow_min_height\":\"600\",\"slideshow_ratio\":\"16:7\",\"slideshow_velocity\":0.6,\"text_align\":\"center\",\"text_align_fallback\":\"center\",\"text_color\":\"light\",\"thumbnav_height\":\"75\",\"thumbnav_svg_color\":\"emphasis\",\"thumbnav_width\":\"100\",\"title_element\":\"h2\",\"title_hover_style\":\"reset\",\"title_parallax_opacity\":\"0,1,1\",\"title_parallax_x\":\"-200,0,200\",\"title_style\":\"heading-small\"},\"children\":[{\"type\":\"slideshow_item\",\"props\":{\"image\":\"wp-content\\\/uploads\\\/accommodations-post-robert-s-hill-getaway-teaser-bg.jpg\",\"item_element\":\"article\",\"link\":\"#galerie-photo\",\"link_text\":\"Voir les r\\u00e9alisations\",\"meta\":\"Depuis 2011\",\"title\":\"Maeder b\\u00e2timent votre expert en maconnerie\"}}]},{\"type\":\"divider\",\"props\":{\"divider_element\":\"hr\"}}]}]}]},{\"type\":\"section\",\"props\":{\"animation\":\"fade\",\"id\":\"a-propos\",\"image_effect\":\"parallax\",\"image_parallax_bgy\":\"-50,50\",\"image_parallax_easing\":\"1\",\"image_position\":\"center-center\",\"padding\":\"xsmall\",\"padding_remove_bottom\":false,\"padding_remove_top\":false,\"style\":\"default\",\"title_breakpoint\":\"xl\",\"title_position\":\"top-left\",\"title_rotation\":\"left\",\"vertical_align\":\"\",\"width\":\"small\",\"width_expand\":\"right\"},\"children\":[{\"type\":\"row\",\"props\":{\"layout\":\"1-4,1-2,1-4\"},\"children\":[{\"type\":\"column\",\"props\":{\"image_position\":\"center-center\",\"position_sticky_breakpoint\":\"m\",\"width_medium\":\"1-4\"}},{\"type\":\"column\",\"props\":{\"image_position\":\"center-center\",\"position_sticky_breakpoint\":\"m\",\"width_medium\":\"1-2\"},\"children\":[{\"type\":\"headline\",\"props\":{\"content\":\"\n\n<p>Qui sommes nous ?<\\\/p>\",\"margin\":\"small\",\"title_color\":\"primary\",\"title_element\":\"h1\",\"title_style\":\"h4\"}},{\"type\":\"headline\",\"props\":{\"animation\":\"slide-bottom-small\",\"content\":\"\n\n<p>Bienvenue chez Meader-B\\u00e2timent, une entreprise de construction situ\\u00e9e \\u00e0 La Br\\u00e9vine.<\\\/p>\\nNous sommes sp\\u00e9cialis\\u00e9s dans la r\\u00e9alisation de travaux de ma\\u00e7onnerie, de gros \\u0153uvre et de g\\u00e9nie civil. Faites confiance \\u00e0 notre expertise pour concr\\u00e9tiser vos projets de construction avec professionnalisme et qualit\\u00e9.\",\"margin\":\"default\",\"title_element\":\"div\",\"title_style\":\"text-small\"}},{\"type\":\"headline\",\"props\":{\"content\":\"\n\n<p>Prestations :<\\\/p>\",\"title_color\":\"primary\",\"title_element\":\"h1\",\"title_style\":\"h4\"}},{\"type\":\"grid\",\"props\":{\"content_column_breakpoint\":\"m\",\"content_margin\":\"small\",\"filter_align\":\"left\",\"filter_all\":true,\"filter_grid_breakpoint\":\"m\",\"filter_grid_width\":\"auto\",\"filter_position\":\"top\",\"filter_style\":\"tab\",\"grid_column_align\":false,\"grid_column_gap\":\"large\",\"grid_default\":\"1\",\"grid_divider\":false,\"grid_medium\":\"\",\"grid_row_align\":false,\"grid_small\":\"2\",\"icon_color\":\"secondary\",\"icon_width\":80,\"image_align\":\"top\",\"image_grid_breakpoint\":\"m\",\"image_grid_width\":\"1-2\",\"image_height\":\"60\",\"image_svg_color\":\"primary\",\"image_svg_inline\":true,\"image_width\":\"65\",\"item_animation\":true,\"lightbox\":false,\"lightbox_bg_close\":true,\"link_style\":\"default\",\"link_text\":\"Read more\",\"margin\":\"large\",\"meta_align\":\"above-content\",\"meta_element\":\"div\",\"meta_style\":\"text-meta\",\"panel_padding\":\"small\",\"panel_style\":\"card-hover\",\"parallax_easing\":\"1\",\"show_content\":true,\"show_hover_image\":true,\"show_hover_video\":true,\"show_image\":true,\"show_link\":true,\"show_meta\":true,\"show_title\":true,\"show_video\":true,\"text_align\":\"center\",\"title_align\":\"top\",\"title_element\":\"h3\",\"title_grid_breakpoint\":\"m\",\"title_grid_width\":\"1-2\",\"title_hover_style\":\"reset\",\"title_style\":\"h5\"},\"children\":[{\"type\":\"grid_item\",\"props\":{\"content\":\"\n\n<p>cr\\u00e9pissage, int\\u00e9rieur, ext\\u00e9rieur, r\\u00e9novations de fa\\u00e7ades, montage de murs<\\\/p>\",\"image\":\"wp-content\\\/uploads\\\/2025\\\/01\\\/Screenshot-2025-01-07-at-09.52.29.png\",\"image_alt\":\"12893719283\",\"image_text_color\":\"light\",\"title\":\"Maconnerie \"}},{\"type\":\"grid_item\",\"props\":{\"content\":\"\n\n<p>Coffrage, ferraillage, b\\u00e9tonnage<\\\/p>\",\"image\":\"wp-content\\\/uploads\\\/2025\\\/01\\\/Screenshot-2025-01-07-at-10.04.48.png\",\"title\":\"Gros oeuvre\"}},{\"type\":\"grid_item\",\"props\":{\"content\":\"\n\n<p>terrassement, goudronnage, canalisations, aplanissement<\\\/p>\",\"image\":\"wp-content\\\/uploads\\\/2025\\\/01\\\/Screenshot-2025-01-07-at-10.13.50.png\",\"title\":\"G\\u00e9nie civil\"}},{\"type\":\"grid_item\",\"props\":{\"content\":\"\n\n<p>Locations et montage de tous types d\\u2019\\u00e9chafaudage<\\\/p>\",\"image\":\"wp-content\\\/uploads\\\/2025\\\/01\\\/Screenshot-2025-01-07-at-09.54.31.png\",\"title\":\"Echaffaudages\"}}]}]},{\"type\":\"column\",\"props\":{\"image_position\":\"center-center\",\"position_sticky_breakpoint\":\"m\",\"width_medium\":\"1-4\"}}]}],\"name\":\"A propos\"},{\"name\":\"Galerie Photo\",\"type\":\"section\",\"props\":{\"animation\":\"fade\",\"height_viewport\":false,\"id\":\"galerie-photo\",\"image_position\":\"center-center\",\"image_size\":\"cover\",\"padding\":\"xsmall\",\"padding_remove_bottom\":true,\"padding_remove_top\":false,\"style\":\"default\",\"title_breakpoint\":\"xl\",\"title_position\":\"top-left\",\"title_rotation\":\"left\",\"vertical_align\":\"\",\"width\":\"\"},\"children\":[{\"type\":\"row\",\"children\":[{\"type\":\"column\",\"props\":{\"image_position\":\"center-center\",\"position_sticky_breakpoint\":\"m\"},\"children\":[{\"type\":\"divider\",\"props\":{\"divider_element\":\"hr\"}}]}]},{\"type\":\"row\",\"children\":[{\"type\":\"column\",\"props\":{\"image_position\":\"center-center\",\"position_sticky_breakpoint\":\"m\",\"vertical_align\":\"middle\",\"width_default\":\"expand\"},\"children\":[{\"type\":\"headline\",\"props\":{\"animation\":\"none\",\"block_align\":\"center\",\"content\":\"Derni\\u00e8res r\\u00e9alisations\",\"link\":\"#\",\"text_align_fallback\":\"center\",\"title_element\":\"h2\",\"title_style\":\"h3\"}}]},{\"type\":\"column\",\"props\":{\"image_position\":\"center-center\",\"position_sticky_breakpoint\":\"m\",\"vertical_align\":\"middle\",\"width_default\":\"auto\"},\"children\":[{\"type\":\"button\",\"props\":{\"animation\":\"none\",\"grid_column_gap\":\"small\",\"grid_row_gap\":\"small\",\"margin\":\"medium\",\"text_align\":\"right\"},\"children\":[{\"type\":\"button_item\",\"props\":{\"button_style\":\"text\",\"content\":\"Voir les images\",\"dialog_layout\":\"modal\",\"dialog_offcanvas_flip\":true,\"icon_align\":\"left\",\"link\":\"#\"}}]}]}],\"props\":{\"layout\":\"1-2,1-2\",\"width\":\"large\"}},{\"type\":\"row\",\"props\":{\"margin\":\"default\",\"padding_remove_horizontal\":false,\"width\":\"large\",\"width_expand\":\"right\"},\"children\":[{\"type\":\"column\",\"props\":{\"image_position\":\"center-center\",\"position_sticky_breakpoint\":\"m\"},\"children\":[{\"type\":\"panel-slider\",\"props\":{\"container_padding_remove\":true,\"content_column_breakpoint\":\"m\",\"content_margin\":\"remove\",\"css\":\"@media (max-width: 959px) {\\n    \\n    .el-image {\\n    \\twidth: 500px;\\n    }\\n    \\n}\\n\\n@media (max-width: 639px) {\\n    \\n    .el-image {\\n    \\twidth: 300px;\\n    }\\n    \\n}\",\"icon_width\":80,\"image_align\":\"top\",\"image_grid_breakpoint\":\"m\",\"image_grid_width\":\"1-2\",\"image_link\":true,\"image_loading\":true,\"image_svg_color\":\"emphasis\",\"image_transition\":\"scale-down\",\"image_width\":\"690\",\"link_style\":\"default\",\"link_text\":\"\",\"margin\":\"default\",\"meta_align\":\"above-title\",\"meta_color\":\"primary\",\"meta_element\":\"div\",\"meta_style\":\"h6\",\"nav\":\"\",\"nav_align\":\"center\",\"nav_breakpoint\":\"s\",\"panel_link\":false,\"panel_match\":true,\"show_content\":true,\"show_hover_image\":true,\"show_hover_video\":true,\"show_image\":true,\"show_link\":true,\"show_meta\":true,\"show_title\":true,\"show_video\":true,\"slidenav\":\"\",\"slidenav_breakpoint\":\"xl\",\"slidenav_margin\":\"medium\",\"slidenav_outside_breakpoint\":\"xl\",\"slider_autoplay_pause\":true,\"slider_gap\":\"small\",\"slider_width\":\"\",\"slider_width_default\":\"1-1\",\"slider_width_medium\":\"1-3\",\"title_align\":\"top\",\"title_element\":\"h3\",\"title_grid_breakpoint\":\"m\",\"title_grid_width\":\"1-2\",\"title_hover_style\":\"reset\",\"title_link\":true,\"title_margin\":\"remove\",\"title_style\":\"h5\"},\"children\":[{\"type\":\"panel-slider_item\",\"props\":{\"image\":\"wp-content\\\/uploads\\\/accommodations-post-holiday-house-husum.jpg\",\"item_element\":\"article\",\"link\":\"#\",\"meta\":\"<a href=\\\"\\\" >North Sea<\\\/a>\",\"title\":\"Holiday House Husum\"}},{\"type\":\"panel-slider_item\",\"props\":{\"image\":\"wp-content\\\/uploads\\\/accommodations-post-panorama-suites.jpg\",\"item_element\":\"article\",\"link\":\"#\",\"meta\":\"<a href=\\\"\\\" >Alps<\\\/a>\",\"title\":\"Panorama Suites\"}},{\"type\":\"panel-slider_item\",\"props\":{\"image\":\"wp-content\\\/uploads\\\/accommodations-post-villa-lorenzo.jpg\",\"item_element\":\"article\",\"link\":\"#\",\"meta\":\"<a href=\\\"\\\" >Rome Region<\\\/a>\",\"title\":\"Villa Lorenzo\"}},{\"type\":\"panel-slider_item\",\"props\":{\"image\":\"wp-content\\\/uploads\\\/accommodations-post-beautiful-modern-vacation-home.jpg\",\"item_element\":\"article\",\"link\":\"#\",\"meta\":\"<a href=\\\"\\\" >Saxony<\\\/a>\",\"title\":\"Beautiful Modern Vacation Home\"}},{\"type\":\"panel-slider_item\",\"props\":{\"image\":\"wp-content\\\/uploads\\\/accommodations-post-casa-di-campagna.jpg\",\"item_element\":\"article\",\"link\":\"#\",\"meta\":\"<a href=\\\"\\\" >Tuscany<\\\/a>\",\"title\":\"Casa di Campagna\"}},{\"type\":\"panel-slider_item\",\"props\":{\"image\":\"wp-content\\\/uploads\\\/accommodations-post-remodeled-historic-azienda-agricola.jpg\",\"item_element\":\"article\",\"link\":\"#\",\"meta\":\"<a href=\\\"\\\" >Tuscany<\\\/a>\",\"title\":\"Remodeled Historic Azienda Agricola\"}}]}]}]}]},{\"type\":\"section\",\"props\":{\"id\":\"contact\",\"image_position\":\"center-center\",\"style\":\"default\",\"title_breakpoint\":\"xl\",\"title_position\":\"top-left\",\"title_rotation\":\"left\",\"vertical_align\":\"middle\",\"width\":\"default\"},\"children\":[{\"type\":\"row\",\"children\":[{\"type\":\"column\",\"props\":{\"image_position\":\"center-center\",\"position_sticky_breakpoint\":\"m\"},\"children\":[{\"type\":\"divider\",\"props\":{\"divider_element\":\"hr\"}},{\"type\":\"headline\",\"props\":{\"content\":\"\n\n<p>Contact<\\\/p>\",\"text_align\":\"center\",\"title_color\":\"primary\",\"title_element\":\"h1\",\"title_style\":\"h3\"}}]}]},{\"type\":\"row\",\"props\":{\"layout\":\"1-3,1-3,1-3\"},\"children\":[{\"type\":\"column\",\"props\":{\"image_position\":\"center-center\",\"position_sticky_breakpoint\":\"m\",\"width_medium\":\"1-3\"},\"children\":[{\"type\":\"headline\",\"props\":{\"content\":\"\n\n<h4>La Ch\\u00e2tagne 11, 2406 La Br\\u00e9vine<\\\/h4>\",\"text_align\":\"center\",\"title_element\":\"h1\"}}]},{\"type\":\"column\",\"props\":{\"image_position\":\"center-center\",\"position_sticky_breakpoint\":\"m\",\"width_medium\":\"1-3\"},\"children\":[{\"type\":\"headline\",\"props\":{\"content\":\"\n\n<h4>T\\u00e9l : 079 285 45 84<\\\/h4>\",\"text_align\":\"center\",\"title_element\":\"h1\"}}]},{\"type\":\"column\",\"props\":{\"image_position\":\"center-center\",\"position_sticky_breakpoint\":\"m\",\"width_medium\":\"1-3\"},\"children\":[{\"type\":\"headline\",\"props\":{\"content\":\"\n\n<h4>maederentrepriseenbatiment@bluewin.ch<\\\/h4>\",\"link_target\":false,\"title_element\":\"h1\"}}]}]},{\"type\":\"row\",\"children\":[{\"type\":\"column\",\"props\":{\"image_position\":\"center-center\",\"position_sticky_breakpoint\":\"m\"},\"children\":[{\"type\":\"map\",\"props\":{\"controls\":true,\"dragging\":false,\"image_svg_color\":\"emphasis\",\"link_style\":\"default\",\"link_text\":\"Read more\",\"margin\":\"default\",\"max_zoom\":18,\"meta_align\":\"below-title\",\"meta_element\":\"div\",\"meta_style\":\"text-meta\",\"min_zoom\":0,\"poi\":false,\"show_content\":true,\"show_image\":true,\"show_link\":true,\"show_meta\":true,\"show_title\":true,\"title_element\":\"h3\",\"title_hover_style\":\"reset\",\"type\":\"roadmap\",\"zoom\":10,\"zooming\":false},\"children\":[{\"type\":\"map_item\",\"props\":{\"location\":\"46.98541550448291,6.635763955012021\"}}]}]}]}],\"name\":\"Contact\"}],\"version\":\"4.5.7\"} --><\/p>\n","protected":false},"excerpt":{"rendered":"<p>Maeder b\u00e2timent votre expert en maconnerie Depuis 2011 Voir les r\u00e9alisations Qui sommes nous ? Bienvenue chez Meader-B\u00e2timent, une entreprise de construction situ\u00e9e \u00e0 La Br\u00e9vine. Nous sommes sp\u00e9cialis\u00e9s dans la r\u00e9alisation de travaux de ma\u00e7onnerie, de gros \u0153uvre et de g\u00e9nie civil. Faites confiance \u00e0 notre expertise pour concr\u00e9tiser vos projets de construction avec [&hellip;]<\/p>\n","protected":false},"author":1,"featured_media":0,"parent":0,"menu_order":0,"comment_status":"closed","ping_status":"closed","template":"","meta":{"footnotes":""},"class_list":["post-7","page","type-page","status-publish","hentry"],"_links":{"self":[{"href":"https:\/\/maeder-batiment.ch\/index.php\/wp-json\/wp\/v2\/pages\/7","targetHints":{"allow":["GET"]}}],"collection":[{"href":"https:\/\/maeder-batiment.ch\/index.php\/wp-json\/wp\/v2\/pages"}],"about":[{"href":"https:\/\/maeder-batiment.ch\/index.php\/wp-json\/wp\/v2\/types\/page"}],"author":[{"embeddable":true,"href":"https:\/\/maeder-batiment.ch\/index.php\/wp-json\/wp\/v2\/users\/1"}],"replies":[{"embeddable":true,"href":"https:\/\/maeder-batiment.ch\/index.php\/wp-json\/wp\/v2\/comments?post=7"}],"version-history":[{"count":99,"href":"https:\/\/maeder-batiment.ch\/index.php\/wp-json\/wp\/v2\/pages\/7\/revisions"}],"predecessor-version":[{"id":246,"href":"https:\/\/maeder-batiment.ch\/index.php\/wp-json\/wp\/v2\/pages\/7\/revisions\/246"}],"wp:attachment":[{"href":"https:\/\/maeder-batiment.ch\/index.php\/wp-json\/wp\/v2\/media?parent=7"}],"curies":[{"name":"wp","href":"https:\/\/api.w.org\/{rel}","templated":true}]}}